{"id":11251,"date":"2013-03-22T14:45:15","date_gmt":"2013-03-22T14:45:15","guid":{"rendered":"http:\/\/www.party-alleinunterhalter.com\/sitemap\/"},"modified":"2017-10-26T13:50:49","modified_gmt":"2017-10-26T11:50:49","slug":"sitemap","status":"publish","type":"page","link":"https:\/\/www.party-alleinunterhalter.com\/ch\/sitemap\/","title":{"rendered":"Sitemap der Website Party Alleinunterhalter Schweiz Sandro Hoffmann"},"content":{"rendered":"<div class=\"row \"><div class=\"wpv-grid grid-1-1  wpv-first-level first unextended\" style=\"padding-top:0px;padding-bottom:0px\" id=\"wpv-column-6d8ad9e36d71583b36233de131184298\" ><div class=\"sitemap\">\t\t<h2 class=\"text-divider-double\">\t\t\tPages\t\t<\/h2>\t\t<div class=\"sep\"><\/div>\t<ul><li>\n\t\t\t\t\t\t<a href='https:\/\/www.party-alleinunterhalter.com\/ch\/firmenfeier-weihnachtsfeier\/' rel='bookmark' title='Permanent Link to Alleinunterhalter f\u00fcr die Firmenfeier in der Schweiz'>Alleinunterhalter f\u00fcr die Firmenfeier in der Schweiz<\/a><ul><\/ul><\/li><li>\n\t\t\t\t\t\t<a href='https:\/\/www.party-alleinunterhalter.com\/ch\/hochzeit\/' rel='bookmark' title='Permanent Link to Alleinunterhalter f\u00fcr die Hochzeit in der Schweiz'>Alleinunterhalter f\u00fcr die Hochzeit in der Schweiz<\/a><ul><\/ul><\/li><li>\n\t\t\t\t\t\t<a href='https:\/\/www.party-alleinunterhalter.com\/ch\/fasnacht-maskenball\/' rel='bookmark' title='Permanent Link to Alleinunterhalter f\u00fcr Fasnacht, Maskenball in der Schweiz'>Alleinunterhalter f\u00fcr Fasnacht, Maskenball in der Schweiz<\/a><ul><\/ul><\/li><li>\n\t\t\t\t\t\t<a href='https:\/\/www.party-alleinunterhalter.com\/ch\/geburtstagsfeier\/' rel='bookmark' title='Permanent Link to Alleinunterhalter f\u00fcr Geburtstagsfeier in der Schweiz'>Alleinunterhalter f\u00fcr Geburtstagsfeier in der Schweiz<\/a><ul><\/ul><\/li><li>\n\t\t\t\t\t\t<a href='https:\/\/www.party-alleinunterhalter.com\/ch\/oktoberfest-apres-ski\/' rel='bookmark' title='Permanent Link to Alleinunterhalter f\u00fcr Oktoberfest, Apr\u00e8s Ski in der Schweiz'>Alleinunterhalter f\u00fcr Oktoberfest, Apr\u00e8s Ski in der Schweiz<\/a><ul><\/ul><\/li><li>\n\t\t\t\t\t\t<a href='https:\/\/www.party-alleinunterhalter.com\/ch\/hotel-bar-tanzlokal-kreuzfahrt\/' rel='bookmark' title='Permanent Link to Alleinunterhalter f\u00fcr Tanzlokal, Hotel, Kreuzfahrt in der Schweiz'>Alleinunterhalter f\u00fcr Tanzlokal, Hotel, Kreuzfahrt in der Schweiz<\/a><ul><\/ul><\/li><li>\n\t\t\t\t\t\t<a href='https:\/\/www.party-alleinunterhalter.com\/ch\/veranstaltungen-events\/' rel='bookmark' title='Permanent Link to Alleinunterhalter f\u00fcr Veranstaltungen und Feier in der Schweiz'>Alleinunterhalter f\u00fcr Veranstaltungen und Feier in der Schweiz<\/a><ul><\/ul><\/li><li>\n\t\t\t\t\t\t<a href='https:\/\/www.party-alleinunterhalter.com\/ch\/vereinsfeier\/' rel='bookmark' title='Permanent Link to Alleinunterhalter nach Turnerabend, Theater und Konzert in der Schweiz'>Alleinunterhalter nach Turnerabend, Theater und Konzert in der Schweiz<\/a><ul><\/ul><\/li><li>\n\t\t\t\t\t\t<a href='https:\/\/www.party-alleinunterhalter.com\/ch\/datenschutzerklaerung\/' rel='bookmark' title='Permanent Link to Datenschutzerkl\u00e4rung'>Datenschutzerkl\u00e4rung<\/a><ul><\/ul><\/li><li>\n\t\t\t\t\t\t<a href='https:\/\/www.party-alleinunterhalter.com\/ch\/hoerproben-videos\/' rel='bookmark' title='Permanent Link to H\u00f6rproben und Videos von Alleinunterhalter'>H\u00f6rproben und Videos von Alleinunterhalter<\/a><ul><\/ul><\/li><li>\n\t\t\t\t\t\t<a href='https:\/\/www.party-alleinunterhalter.com\/ch\/impressum\/' rel='bookmark' title='Permanent Link to Impressum'>Impressum<\/a><ul><\/ul><\/li><li>\n\t\t\t\t\t\t<a href='https:\/\/www.party-alleinunterhalter.com\/ch\/kontakt-ch\/' rel='bookmark' title='Permanent Link to Kontakt, Management und Buchungsablauf'>Kontakt, Management und Buchungsablauf<\/a><ul><\/ul><\/li><li>\n\t\t\t\t\t\t<a href='https:\/\/www.party-alleinunterhalter.com\/ch\/' rel='bookmark' title='Permanent Link to Party Alleinunterhalter Schweiz'>Party Alleinunterhalter Schweiz<\/a><ul><\/ul><\/li><li>\n\t\t\t\t\t\t<a href='https:\/\/www.party-alleinunterhalter.com\/ch\/referenzen\/' rel='bookmark' title='Permanent Link to Referenzen, Empfehlungen vom Alleinunterhalter in der Schweiz'>Referenzen, Empfehlungen vom Alleinunterhalter in der Schweiz<\/a><ul><\/ul><\/li><li>\n\t\t\t\t\t\t<a href='https:\/\/www.party-alleinunterhalter.com\/ch\/shop\/' rel='bookmark' title='Permanent Link to Shop'>Shop<\/a><ul><\/ul><\/li><li>\n\t\t\t\t\t\t<a href='https:\/\/www.party-alleinunterhalter.com\/ch\/sitemap\/' rel='bookmark' title='Permanent Link to Sitemap der Website Party Alleinunterhalter Schweiz Sandro Hoffmann'>Sitemap der Website Party Alleinunterhalter Schweiz Sandro Hoffmann<\/a><ul><\/ul><\/li><\/ul>\t\t<h2 class=\"text-divider-double\">\t\t\tCategories\t\t<\/h2>\t\t<div class=\"sep\"><\/div>\t<ul>\t<li class=\"cat-item cat-item-47\"><a href=\"https:\/\/www.party-alleinunterhalter.com\/ch\/category\/alleinunterhalter-ch\/\">Alleinunterhalter<\/a>\n<\/li>\n\t<li class=\"cat-item cat-item-1\"><a href=\"https:\/\/www.party-alleinunterhalter.com\/ch\/category\/unkategorisiert\/\">Unkategorisiert<\/a>\n<\/li>\n\t<li class=\"cat-item cat-item-44\"><a href=\"https:\/\/www.party-alleinunterhalter.com\/ch\/category\/veranstaltungen-ch\/\">Veranstaltungen<\/a>\n<\/li>\n<\/ul>\t\t<h2 class=\"text-divider-double\">\t\t\tPosts\t\t<\/h2>\t\t<div class=\"sep\"><\/div>\t<ul><li>\n\t\t\t\t\t\t<a href='https:\/\/www.party-alleinunterhalter.com\/ch\/eine-huette-in-den-bergen\/' rel='bookmark' title='Permanent Link to ab sofort vorbestellbar! \u2013 Eine H\u00fctte in den Bergen'>ab sofort vorbestellbar! \u2013 Eine H\u00fctte in den Bergen<\/a> (0)<\/li><li>\n\t\t\t\t\t\t<a href='https:\/\/www.party-alleinunterhalter.com\/ch\/alleinunterhalter-sandro-hoffmann-die-rote-sonne-von-barbados\/' rel='bookmark' title='Permanent Link to Alleinunterhalter Sandro Hoffmann pr\u00e4sentiert &#171;Die rote Sonne von Barbados&#187;'>Alleinunterhalter Sandro Hoffmann pr\u00e4sentiert &#171;Die rote Sonne von Barbados&#187;<\/a> (0)<\/li><li>\n\t\t\t\t\t\t<a href='https:\/\/www.party-alleinunterhalter.com\/ch\/alleinunterhalter-dj\/' rel='bookmark' title='Permanent Link to Alleinunterhalter und DJ f\u00fcr ihre Feier'>Alleinunterhalter und DJ f\u00fcr ihre Feier<\/a> (0)<\/li><li>\n\t\t\t\t\t\t<a href='https:\/\/www.party-alleinunterhalter.com\/ch\/lautstaerke\/' rel='bookmark' title='Permanent Link to Die gro\u00dfe Kunst &#171;LAUTST\u00c4RKE&#187;'>Die gro\u00dfe Kunst &#171;LAUTST\u00c4RKE&#187;<\/a> (0)<\/li><li>\n\t\t\t\t\t\t<a href='https:\/\/www.party-alleinunterhalter.com\/ch\/gelungene-feier-mit-alleinunterhalter-sandro-hoffmann\/' rel='bookmark' title='Permanent Link to Eine gelungene Feier mit Alleinunterhalter Sandro Hoffmann'>Eine gelungene Feier mit Alleinunterhalter Sandro Hoffmann<\/a> (0)<\/li><li>\n\t\t\t\t\t\t<a href='https:\/\/www.party-alleinunterhalter.com\/ch\/hochzeit-zuerichsee-schweiz\/' rel='bookmark' title='Permanent Link to Eine wundersch\u00f6ne Hochzeit am Z\u00fcrisee in der Schweiz'>Eine wundersch\u00f6ne Hochzeit am Z\u00fcrisee in der Schweiz<\/a> (0)<\/li><li>\n\t\t\t\t\t\t<a href='https:\/\/www.party-alleinunterhalter.com\/ch\/herbstfest-freienstein-teufen\/' rel='bookmark' title='Permanent Link to Herbstfest 2017 in Freienstein-Teufen'>Herbstfest 2017 in Freienstein-Teufen<\/a> (0)<\/li><li>\n\t\t\t\t\t\t<a href='https:\/\/www.party-alleinunterhalter.com\/ch\/highlights-oktoberfest-in-fribourg-freiburg-schweiz\/' rel='bookmark' title='Permanent Link to Highlights Oktoberfest in Fribourg (Freiburg) Schweiz.'>Highlights Oktoberfest in Fribourg (Freiburg) Schweiz.<\/a> (0)<\/li><li>\n\t\t\t\t\t\t<a href='https:\/\/www.party-alleinunterhalter.com\/ch\/live-video\/' rel='bookmark' title='Permanent Link to LIVE Videos von Party Alleinunterhalter'>LIVE Videos von Party Alleinunterhalter<\/a> (0)<\/li><li>\n\t\t\t\t\t\t<a href='https:\/\/www.party-alleinunterhalter.com\/ch\/musiker-buchen-musiker-gesucht-schweiz\/' rel='bookmark' title='Permanent Link to Musiker buchen, musiker gesucht,&#8230;so beginnt die suche bei Google &#038; Co.'>Musiker buchen, musiker gesucht,&#8230;so beginnt die suche bei Google &#038; Co.<\/a> (0)<\/li><li>\n\t\t\t\t\t\t<a href='https:\/\/www.party-alleinunterhalter.com\/ch\/ein-prosecco-zu-viel\/' rel='bookmark' title='Permanent Link to Neue Single ab 25.Oktober 2019! &#8211; Ein Prosecco zu viel'>Neue Single ab 25.Oktober 2019! &#8211; Ein Prosecco zu viel<\/a> (0)<\/li><li>\n\t\t\t\t\t\t<a href='https:\/\/www.party-alleinunterhalter.com\/ch\/oktoberfest-populaer-wie-noch-nie\/' rel='bookmark' title='Permanent Link to Oktoberfest, so popul\u00e4r wie noch nie!'>Oktoberfest, so popul\u00e4r wie noch nie!<\/a> (0)<\/li><li>\n\t\t\t\t\t\t<a href='https:\/\/www.party-alleinunterhalter.com\/ch\/tipps-und-musik-fuer-den-hochzeitstanz\/' rel='bookmark' title='Permanent Link to Tipps und Musik f\u00fcr den Hochzeitstanz'>Tipps und Musik f\u00fcr den Hochzeitstanz<\/a> (0)<\/li><li>\n\t\t\t\t\t\t<a href='https:\/\/www.party-alleinunterhalter.com\/ch\/tipps-weihnachtsfeier\/' rel='bookmark' title='Permanent Link to TIPPS! F\u00fcr die j\u00e4hrliche Weihnachtsfeier'>TIPPS! F\u00fcr die j\u00e4hrliche Weihnachtsfeier<\/a> (0)<\/li><li>\n\t\t\t\t\t\t<a href='https:\/\/www.party-alleinunterhalter.com\/ch\/tipps-unterhaltung-und-entertainment-fuer-oktoberfest-2\/' rel='bookmark' title='Permanent Link to Unterhaltung, Musiker und Entertainment f\u00fcr Oktoberfest!'>Unterhaltung, Musiker und Entertainment f\u00fcr Oktoberfest!<\/a> (0)<\/li><li>\n\t\t\t\t\t\t<a href='https:\/\/www.party-alleinunterhalter.com\/ch\/wer-ist-ein-alleinunterhalter\/' rel='bookmark' title='Permanent Link to Wer ist ein Alleinunterhalter?'>Wer ist ein Alleinunterhalter?<\/a> (0)<\/li><li>\n\t\t\t\t\t\t<a href='https:\/\/www.party-alleinunterhalter.com\/ch\/alleinunterhalter-geburtstag\/' rel='bookmark' title='Permanent Link to Zu einem runden Geburtstag geh\u00f6rt auch eine tolle Geburtstagsfeier dazu!'>Zu einem runden Geburtstag geh\u00f6rt auch eine tolle Geburtstagsfeier dazu!<\/a> (0)<\/li><\/ul><\/div><\/div><\/div>\n","protected":false},"excerpt":{"rendered":"<p>Ein Geburtstag ist immer was besonderes und eine Feier wert. Falls es sich um ein rundes Jubil\u00e4um handelt, ist das noch ein Grund mehr zu feiern. Die freudige Feierlichkeit ist perfekt den gesamten Familien- und Freundeskreis wieder mal einzuladen und gemeinsam eine feine Geburtstagsfeier mit lustiger Unterhaltung und spitze Livemusik zu feiern. Wie Sie das&#8230;<\/p>\n","protected":false},"author":1,"featured_media":0,"parent":0,"menu_order":11,"comment_status":"closed","ping_status":"closed","template":"","meta":{"footnotes":""},"class_list":["post-11251","page","type-page","status-publish","placeholder-for-hentry"],"yoast_head":"<!-- This site is optimized with the Yoast SEO plugin v27.4 - https:\/\/yoast.com\/product\/yoast-seo-wordpress\/ -->\n<title>Sitemap von Party Alleinunterhalter Schweiz Sandro Hoffmann<\/title>\n<meta name=\"description\" content=\"Die Sitemap der Website von Party Alleinunterhalter Schweiz dem Partymusiker f\u00fcr Hochzeit, Geburtstagfeier, Firmenfeier, Oktoberfest und andere Anl\u00e4sse.\" \/>\n<meta name=\"robots\" content=\"noindex, nofollow\" \/>\n<meta property=\"og:locale\" content=\"de_DE\" \/>\n<meta property=\"og:type\" content=\"article\" \/>\n<meta property=\"og:title\" content=\"Sitemap von Party Alleinunterhalter Schweiz Sandro Hoffmann\" \/>\n<meta property=\"og:description\" content=\"Die Sitemap der Website von Party Alleinunterhalter Schweiz dem Partymusiker f\u00fcr Hochzeit, Geburtstagfeier, Firmenfeier, Oktoberfest und andere Anl\u00e4sse.\" \/>\n<meta property=\"og:url\" content=\"https:\/\/www.party-alleinunterhalter.com\/ch\/sitemap\/\" \/>\n<meta property=\"og:site_name\" content=\"Sandro Hoffmann\" \/>\n<meta property=\"article:publisher\" content=\"https:\/\/www.facebook.com\/SandroHoffmannOfficial\" \/>\n<meta property=\"article:modified_time\" content=\"2017-10-26T11:50:49+00:00\" \/>\n<meta name=\"twitter:card\" content=\"summary_large_image\" \/>\n<script type=\"application\/ld+json\" class=\"yoast-schema-graph\">{\"@context\":\"https:\\\/\\\/schema.org\",\"@graph\":[{\"@type\":\"WebPage\",\"@id\":\"https:\\\/\\\/www.party-alleinunterhalter.com\\\/ch\\\/sitemap\\\/\",\"url\":\"https:\\\/\\\/www.party-alleinunterhalter.com\\\/ch\\\/sitemap\\\/\",\"name\":\"Sitemap von Party Alleinunterhalter Schweiz Sandro Hoffmann\",\"isPartOf\":{\"@id\":\"https:\\\/\\\/www.party-alleinunterhalter.com\\\/ch\\\/#website\"},\"datePublished\":\"2013-03-22T14:45:15+00:00\",\"dateModified\":\"2017-10-26T11:50:49+00:00\",\"description\":\"Die Sitemap der Website von Party Alleinunterhalter Schweiz dem Partymusiker f\u00fcr Hochzeit, Geburtstagfeier, Firmenfeier, Oktoberfest und andere Anl\u00e4sse.\",\"breadcrumb\":{\"@id\":\"https:\\\/\\\/www.party-alleinunterhalter.com\\\/ch\\\/sitemap\\\/#breadcrumb\"},\"inLanguage\":\"de-CH\",\"potentialAction\":[{\"@type\":\"ReadAction\",\"target\":[\"https:\\\/\\\/www.party-alleinunterhalter.com\\\/ch\\\/sitemap\\\/\"]}]},{\"@type\":\"BreadcrumbList\",\"@id\":\"https:\\\/\\\/www.party-alleinunterhalter.com\\\/ch\\\/sitemap\\\/#breadcrumb\",\"itemListElement\":[{\"@type\":\"ListItem\",\"position\":1,\"name\":\"Startseite\",\"item\":\"https:\\\/\\\/www.party-alleinunterhalter.com\\\/ch\\\/\"},{\"@type\":\"ListItem\",\"position\":2,\"name\":\"Sitemap der Website Party Alleinunterhalter Schweiz Sandro Hoffmann\"}]},{\"@type\":\"WebSite\",\"@id\":\"https:\\\/\\\/www.party-alleinunterhalter.com\\\/ch\\\/#website\",\"url\":\"https:\\\/\\\/www.party-alleinunterhalter.com\\\/ch\\\/\",\"name\":\"Sandro Hoffmann\",\"description\":\"Alleinunterhalter f\u00fcr deine Feier\",\"potentialAction\":[{\"@type\":\"SearchAction\",\"target\":{\"@type\":\"EntryPoint\",\"urlTemplate\":\"https:\\\/\\\/www.party-alleinunterhalter.com\\\/ch\\\/?s={search_term_string}\"},\"query-input\":{\"@type\":\"PropertyValueSpecification\",\"valueRequired\":true,\"valueName\":\"search_term_string\"}}],\"inLanguage\":\"de-CH\"}]}<\/script>\n<!-- \/ Yoast SEO plugin. -->","yoast_head_json":{"title":"Sitemap von Party Alleinunterhalter Schweiz Sandro Hoffmann","description":"Die Sitemap der Website von Party Alleinunterhalter Schweiz dem Partymusiker f\u00fcr Hochzeit, Geburtstagfeier, Firmenfeier, Oktoberfest und andere Anl\u00e4sse.","robots":{"index":"noindex","follow":"nofollow"},"og_locale":"de_DE","og_type":"article","og_title":"Sitemap von Party Alleinunterhalter Schweiz Sandro Hoffmann","og_description":"Die Sitemap der Website von Party Alleinunterhalter Schweiz dem Partymusiker f\u00fcr Hochzeit, Geburtstagfeier, Firmenfeier, Oktoberfest und andere Anl\u00e4sse.","og_url":"https:\/\/www.party-alleinunterhalter.com\/ch\/sitemap\/","og_site_name":"Sandro Hoffmann","article_publisher":"https:\/\/www.facebook.com\/SandroHoffmannOfficial","article_modified_time":"2017-10-26T11:50:49+00:00","twitter_card":"summary_large_image","schema":{"@context":"https:\/\/schema.org","@graph":[{"@type":"WebPage","@id":"https:\/\/www.party-alleinunterhalter.com\/ch\/sitemap\/","url":"https:\/\/www.party-alleinunterhalter.com\/ch\/sitemap\/","name":"Sitemap von Party Alleinunterhalter Schweiz Sandro Hoffmann","isPartOf":{"@id":"https:\/\/www.party-alleinunterhalter.com\/ch\/#website"},"datePublished":"2013-03-22T14:45:15+00:00","dateModified":"2017-10-26T11:50:49+00:00","description":"Die Sitemap der Website von Party Alleinunterhalter Schweiz dem Partymusiker f\u00fcr Hochzeit, Geburtstagfeier, Firmenfeier, Oktoberfest und andere Anl\u00e4sse.","breadcrumb":{"@id":"https:\/\/www.party-alleinunterhalter.com\/ch\/sitemap\/#breadcrumb"},"inLanguage":"de-CH","potentialAction":[{"@type":"ReadAction","target":["https:\/\/www.party-alleinunterhalter.com\/ch\/sitemap\/"]}]},{"@type":"BreadcrumbList","@id":"https:\/\/www.party-alleinunterhalter.com\/ch\/sitemap\/#breadcrumb","itemListElement":[{"@type":"ListItem","position":1,"name":"Startseite","item":"https:\/\/www.party-alleinunterhalter.com\/ch\/"},{"@type":"ListItem","position":2,"name":"Sitemap der Website Party Alleinunterhalter Schweiz Sandro Hoffmann"}]},{"@type":"WebSite","@id":"https:\/\/www.party-alleinunterhalter.com\/ch\/#website","url":"https:\/\/www.party-alleinunterhalter.com\/ch\/","name":"Sandro Hoffmann","description":"Alleinunterhalter f\u00fcr deine Feier","potentialAction":[{"@type":"SearchAction","target":{"@type":"EntryPoint","urlTemplate":"https:\/\/www.party-alleinunterhalter.com\/ch\/?s={search_term_string}"},"query-input":{"@type":"PropertyValueSpecification","valueRequired":true,"valueName":"search_term_string"}}],"inLanguage":"de-CH"}]}},"_links":{"self":[{"href":"https:\/\/www.party-alleinunterhalter.com\/ch\/wp-json\/wp\/v2\/pages\/11251","targetHints":{"allow":["GET"]}}],"collection":[{"href":"https:\/\/www.party-alleinunterhalter.com\/ch\/wp-json\/wp\/v2\/pages"}],"about":[{"href":"https:\/\/www.party-alleinunterhalter.com\/ch\/wp-json\/wp\/v2\/types\/page"}],"author":[{"embeddable":true,"href":"https:\/\/www.party-alleinunterhalter.com\/ch\/wp-json\/wp\/v2\/users\/1"}],"replies":[{"embeddable":true,"href":"https:\/\/www.party-alleinunterhalter.com\/ch\/wp-json\/wp\/v2\/comments?post=11251"}],"version-history":[{"count":1,"href":"https:\/\/www.party-alleinunterhalter.com\/ch\/wp-json\/wp\/v2\/pages\/11251\/revisions"}],"predecessor-version":[{"id":11254,"href":"https:\/\/www.party-alleinunterhalter.com\/ch\/wp-json\/wp\/v2\/pages\/11251\/revisions\/11254"}],"wp:attachment":[{"href":"https:\/\/www.party-alleinunterhalter.com\/ch\/wp-json\/wp\/v2\/media?parent=11251"}],"curies":[{"name":"wp","href":"https:\/\/api.w.org\/{rel}","templated":true}]}}