{"id":11265,"date":"2014-04-23T10:43:32","date_gmt":"2014-04-23T10:43:32","guid":{"rendered":"http:\/\/www.party-alleinunterhalter.com\/referenzen\/"},"modified":"2023-07-19T20:39:36","modified_gmt":"2023-07-19T18:39:36","slug":"referenzen","status":"publish","type":"page","link":"https:\/\/www.party-alleinunterhalter.com\/at\/referenzen\/","title":{"rendered":"Referenzen und Empfehlungen vom Alleinunterhalter aus \u00d6sterreich"},"content":{"rendered":"<div class=\"row \"><div class=\"wpv-grid grid-1-1  wpv-first-level first has-background unextended animation-from-bottom animated-active\" style=\"background-color:#dadada;padding-top:15px;padding-bottom:60px\" id=\"expressanfragehochzeit\" ><style>#expressanfragehochzeit p,#expressanfragehochzeit em,#expressanfragehochzeit .column-title,#expressanfragehochzeit .sep-text h2.regular-title-wrapper,#expressanfragehochzeit .text-divider-double,#expressanfragehochzeit .sep-text .sep-text-line,#expressanfragehochzeit .sep,#expressanfragehochzeit .sep-2,#expressanfragehochzeit .sep-3,#expressanfragehochzeit td,#expressanfragehochzeit th,#expressanfragehochzeit caption{color:#5b5b5b;}#expressanfragehochzeit:before{background-color:transparent;}<\/style>\t\t<div class=\"sep-text single centered\">\n\t\t\t\t\t\t\t<span class=\"sep-text-before\"><div class=\"sep-text-line\"><\/div><\/span>\n\t\t\t\t\t\t<div class=\"content\">\n\t\t\t\t<h2 class=\"text-divider-double\">UNVERBINDLICHE EXPRESS ANFRAGE<\/h2>\t\t\t<\/div>\n\t\t\t<span class=\"sep-text-after\"><div class=\"sep-text-line\"><\/div><\/span>\n\t\t\t\t\t<\/div>\n\t<div class=\"push\" style='height:10px'><\/div>\n<div class=\"row \"><div class=\"wpv-grid grid-1-1  first unextended\" style=\"padding-top:0px;padding-bottom:0px\" id=\"wpv-column-b714293f82bfd3b24bdc275ae5cfe7ed\" ><p>\n<div class=\"wpcf7 no-js\" id=\"wpcf7-f9392-o1\" lang=\"en-US\" dir=\"ltr\" data-wpcf7-id=\"9392\">\n<div class=\"screen-reader-response\"><p role=\"status\" aria-live=\"polite\" aria-atomic=\"true\"><\/p> <ul><\/ul><\/div>\n<form action=\"\/at\/wp-json\/wp\/v2\/pages\/11265#wpcf7-f9392-o1\" method=\"post\" class=\"wpcf7-form init\" aria-label=\"Contact form\" novalidate=\"novalidate\" data-status=\"init\">\n<fieldset class=\"hidden-fields-container\"><input type=\"hidden\" name=\"_wpcf7\" value=\"9392\" \/><input type=\"hidden\" name=\"_wpcf7_version\" value=\"6.1.5\" \/><input type=\"hidden\" name=\"_wpcf7_locale\" value=\"en_US\" \/><input type=\"hidden\" name=\"_wpcf7_unit_tag\" value=\"wpcf7-f9392-o1\" \/><input type=\"hidden\" name=\"_wpcf7_container_post\" value=\"0\" \/><input type=\"hidden\" name=\"_wpcf7_posted_data_hash\" value=\"\" \/><input type=\"hidden\" name=\"_wpcf7_recaptcha_response\" value=\"\" \/>\n<\/fieldset>\n<div class=\"vamtam-rsvp-form\">\n\t<div class=\"row\">\n\t\t<div class=\"grid-1-5\">\n\t\t\t<p><span class=\"wpcf7-form-control-wrap\" data-name=\"veranstalter-name\"><input size=\"40\" maxlength=\"400\" class=\"wpcf7-form-control wpcf7-text wpcf7-validates-as-required\" id=\"veranstalter-name\" aria-required=\"true\" aria-invalid=\"false\" placeholder=\"*Veranstalter \/ Name\" value=\"\" type=\"text\" name=\"veranstalter-name\" \/><\/span>\n\t\t\t<\/p>\n\t\t<\/div>\n\t\t<div class=\"grid-1-5\">\n\t\t\t<p><span class=\"wpcf7-form-control-wrap\" data-name=\"veranstalter-adresse\"><input size=\"40\" maxlength=\"400\" class=\"wpcf7-form-control wpcf7-text\" id=\"veranstalter-adresse\" aria-invalid=\"false\" placeholder=\"Strasse\" value=\"\" type=\"text\" name=\"veranstalter-adresse\" \/><\/span>\n\t\t\t<\/p>\n\t\t<\/div>\n\t\t<div class=\"grid-1-5\">\n\t\t\t<p><span class=\"wpcf7-form-control-wrap\" data-name=\"veranstalter-ort\"><input size=\"40\" maxlength=\"400\" class=\"wpcf7-form-control wpcf7-text\" id=\"veranstalter-ort\" aria-invalid=\"false\" placeholder=\"Ort \/ Land\" value=\"\" type=\"text\" name=\"veranstalter-ort\" \/><\/span>\n\t\t\t<\/p>\n\t\t<\/div>\n\t\t<div class=\"grid-1-5\">\n\t\t\t<p><span class=\"wpcf7-form-control-wrap\" data-name=\"Phone\"><input size=\"40\" maxlength=\"400\" class=\"wpcf7-form-control wpcf7-text\" id=\"Phone\" aria-invalid=\"false\" placeholder=\"Telefon\" value=\"\" type=\"text\" name=\"Phone\" \/><\/span>\n\t\t\t<\/p>\n\t\t<\/div>\n\t\t<div class=\"grid-1-5\">\n\t\t\t<p><span class=\"wpcf7-form-control-wrap\" data-name=\"email-313\"><input size=\"40\" maxlength=\"400\" class=\"wpcf7-form-control wpcf7-email wpcf7-validates-as-required wpcf7-text wpcf7-validates-as-email\" id=\"your-email\" aria-required=\"true\" aria-invalid=\"false\" placeholder=\"*Email\" value=\"\" type=\"email\" name=\"email-313\" \/><\/span>\n\t\t\t<\/p>\n\t\t<\/div>\n\t\t<div class=\"grid-1-5\">\n\t\t\t<p><span class=\"wpcf7-form-control-wrap\" data-name=\"art\"><input size=\"40\" maxlength=\"400\" class=\"wpcf7-form-control wpcf7-text\" id=\"art\" aria-invalid=\"false\" placeholder=\"Art z.bsp.Hochzeit, Geburtstag, etc.\" value=\"\" type=\"text\" name=\"art\" \/><\/span>\n\t\t\t<\/p>\n\t\t<\/div>\n\t\t<div class=\"grid-1-5\">\n\t\t\t<p><span class=\"wpcf7-form-control-wrap\" data-name=\"gaesteanzahl\"><input size=\"40\" maxlength=\"400\" class=\"wpcf7-form-control wpcf7-text\" id=\"gaesteanzahl\" aria-invalid=\"false\" placeholder=\"ca. G\u00e4steanzahl\" value=\"\" type=\"text\" name=\"gaesteanzahl\" \/><\/span>\n\t\t\t<\/p>\n\t\t<\/div>\n\t\t<div class=\"grid-1-5\">\n\t\t\t<p><span class=\"wpcf7-form-control-wrap\" data-name=\"datum\"><input size=\"40\" maxlength=\"400\" class=\"wpcf7-form-control wpcf7-text\" id=\"datum\" aria-invalid=\"false\" placeholder=\"Datum der Veranstaltung\" value=\"\" type=\"text\" name=\"datum\" \/><\/span>\n\t\t\t<\/p>\n\t\t<\/div>\n\t\t<div class=\"grid-1-5\">\n\t\t\t<p><span class=\"wpcf7-form-control-wrap\" data-name=\"auftrittszeit\"><input size=\"40\" maxlength=\"400\" class=\"wpcf7-form-control wpcf7-text\" id=\"auftrittszeit\" aria-invalid=\"false\" placeholder=\"Spielzeit \/ Auftrittszeit\" value=\"\" type=\"text\" name=\"auftrittszeit\" \/><\/span>\n\t\t\t<\/p>\n\t\t<\/div>\n\t\t<div class=\"grid-1-5\">\n\t\t\t<p><span class=\"wpcf7-form-control-wrap\" data-name=\"lokal\"><input size=\"40\" maxlength=\"400\" class=\"wpcf7-form-control wpcf7-text\" id=\"lokal\" aria-invalid=\"false\" placeholder=\"Lokalit\u00e4t \/ Ort\" value=\"\" type=\"text\" name=\"lokal\" \/><\/span>\n\t\t\t<\/p>\n\t\t<\/div>\n\t\t<div class=\"grid-1-1\">\n\t\t\t<p><span class=\"wpcf7-form-control-wrap\" data-name=\"our-message\"><textarea cols=\"40\" rows=\"5\" maxlength=\"2000\" class=\"wpcf7-form-control wpcf7-textarea\" id=\"message\" aria-invalid=\"false\" placeholder=\"Ihre Nachricht...\" name=\"our-message\"><\/textarea><\/span>\n\t\t\t<\/p>\n\t\t<\/div>\n\t\t<p><span id=\"wpcf7-69e9d8baec3cd-wrapper\" class=\"wpcf7-form-control-wrap Website-wrap\" style=\"display:none !important; visibility:hidden !important;\"><label for=\"wpcf7-69e9d8baec3cd-field\" class=\"hp-message\">Please leave this field empty.<\/label><input id=\"wpcf7-69e9d8baec3cd-field\"  class=\"wpcf7-form-control wpcf7-text\" type=\"text\" name=\"Website\" value=\"\" size=\"40\" tabindex=\"-1\" autocomplete=\"new-password\" \/><\/span>\n\t\t<\/p>\n\t<\/div>\n\t<div style= \"text-align: center;\">\n\t\t<p><input class=\"wpcf7-form-control wpcf7-submit has-spinner\" type=\"submit\" value=\"ANFRAGE SENDEN \u2192\" \/>\n\t\t<\/p>\n\t<\/div>\n<\/div><div class=\"wpcf7-response-output\" aria-hidden=\"true\"><\/div>\n<\/form>\n<\/div>\n<\/div><\/div><\/div><\/div>\n","protected":false},"excerpt":{"rendered":"","protected":false},"author":1,"featured_media":9819,"parent":0,"menu_order":0,"comment_status":"open","ping_status":"open","template":"guestbook.php","meta":{"footnotes":""},"class_list":["post-11265","page","type-page","status-publish","has-post-thumbnail","placeholder-for-hentry"],"yoast_head":"<!-- This site is optimized with the Yoast SEO plugin v27.4 - https:\/\/yoast.com\/product\/yoast-seo-wordpress\/ -->\n<title>Referenzen und Emfehlungen vom Alleinunterhalter aus \u00d6sterreich<\/title>\n<meta name=\"description\" content=\"Referenzen, Empfehlungen f\u00fcr Alleinunterhalter SANDRO HOFFMANN aus Vorarlberg, \u00d6sterreich \u00fcber die Musik, Stimmung, Eindr\u00fccke der vergangener Feiern.\" \/>\n<meta name=\"robots\" content=\"index, follow, max-snippet:-1, max-image-preview:large, max-video-preview:-1\" \/>\n<link rel=\"canonical\" href=\"https:\/\/www.party-alleinunterhalter.com\/at\/referenzen\/\" \/>\n<meta property=\"og:locale\" content=\"de_DE\" \/>\n<meta property=\"og:type\" content=\"article\" \/>\n<meta property=\"og:title\" content=\"Referenzen und Emfehlungen vom Alleinunterhalter aus \u00d6sterreich\" \/>\n<meta property=\"og:description\" content=\"Referenzen, Empfehlungen f\u00fcr Alleinunterhalter SANDRO HOFFMANN aus Vorarlberg, \u00d6sterreich \u00fcber die Musik, Stimmung, Eindr\u00fccke der vergangener Feiern.\" \/>\n<meta property=\"og:url\" content=\"https:\/\/www.party-alleinunterhalter.com\/at\/referenzen\/\" \/>\n<meta property=\"og:site_name\" content=\"Sandro Hoffmann\" \/>\n<meta property=\"article:publisher\" content=\"https:\/\/www.facebook.com\/SandroHoffmannOfficial\" \/>\n<meta property=\"article:modified_time\" content=\"2023-07-19T18:39:36+00:00\" \/>\n<meta property=\"og:image\" content=\"https:\/\/www.party-alleinunterhalter.com\/wp-content\/uploads\/2014\/09\/sandro-home.png\" \/>\n\t<meta property=\"og:image:width\" content=\"360\" \/>\n\t<meta property=\"og:image:height\" content=\"391\" \/>\n\t<meta property=\"og:image:type\" content=\"image\/png\" \/>\n<meta name=\"twitter:card\" content=\"summary_large_image\" \/>\n<meta name=\"twitter:label1\" content=\"Est. reading time\" \/>\n\t<meta name=\"twitter:data1\" content=\"1 minute\" \/>\n<script type=\"application\/ld+json\" class=\"yoast-schema-graph\">{\"@context\":\"https:\\\/\\\/schema.org\",\"@graph\":[{\"@type\":\"WebPage\",\"@id\":\"https:\\\/\\\/www.party-alleinunterhalter.com\\\/at\\\/referenzen\\\/\",\"url\":\"https:\\\/\\\/www.party-alleinunterhalter.com\\\/at\\\/referenzen\\\/\",\"name\":\"Referenzen und Emfehlungen vom Alleinunterhalter aus \u00d6sterreich\",\"isPartOf\":{\"@id\":\"https:\\\/\\\/www.party-alleinunterhalter.com\\\/ch\\\/#website\"},\"primaryImageOfPage\":{\"@id\":\"https:\\\/\\\/www.party-alleinunterhalter.com\\\/at\\\/referenzen\\\/#primaryimage\"},\"image\":{\"@id\":\"https:\\\/\\\/www.party-alleinunterhalter.com\\\/at\\\/referenzen\\\/#primaryimage\"},\"thumbnailUrl\":\"https:\\\/\\\/www.party-alleinunterhalter.com\\\/wp-content\\\/uploads\\\/2014\\\/09\\\/sandro-home.png\",\"datePublished\":\"2014-04-23T10:43:32+00:00\",\"dateModified\":\"2023-07-19T18:39:36+00:00\",\"description\":\"Referenzen, Empfehlungen f\u00fcr Alleinunterhalter SANDRO HOFFMANN aus Vorarlberg, \u00d6sterreich \u00fcber die Musik, Stimmung, Eindr\u00fccke der vergangener Feiern.\",\"breadcrumb\":{\"@id\":\"https:\\\/\\\/www.party-alleinunterhalter.com\\\/at\\\/referenzen\\\/#breadcrumb\"},\"inLanguage\":\"de-AT\",\"potentialAction\":[{\"@type\":\"ReadAction\",\"target\":[\"https:\\\/\\\/www.party-alleinunterhalter.com\\\/at\\\/referenzen\\\/\"]}]},{\"@type\":\"ImageObject\",\"inLanguage\":\"de-AT\",\"@id\":\"https:\\\/\\\/www.party-alleinunterhalter.com\\\/at\\\/referenzen\\\/#primaryimage\",\"url\":\"https:\\\/\\\/www.party-alleinunterhalter.com\\\/wp-content\\\/uploads\\\/2014\\\/09\\\/sandro-home.png\",\"contentUrl\":\"https:\\\/\\\/www.party-alleinunterhalter.com\\\/wp-content\\\/uploads\\\/2014\\\/09\\\/sandro-home.png\",\"width\":360,\"height\":391,\"caption\":\"Party Alleinunterhalter Sandro Hoffmann\"},{\"@type\":\"BreadcrumbList\",\"@id\":\"https:\\\/\\\/www.party-alleinunterhalter.com\\\/at\\\/referenzen\\\/#breadcrumb\",\"itemListElement\":[{\"@type\":\"ListItem\",\"position\":1,\"name\":\"Startseite\",\"item\":\"https:\\\/\\\/www.party-alleinunterhalter.com\\\/at\\\/\"},{\"@type\":\"ListItem\",\"position\":2,\"name\":\"Referenzen und Empfehlungen vom Alleinunterhalter aus \u00d6sterreich\"}]},{\"@type\":\"WebSite\",\"@id\":\"https:\\\/\\\/www.party-alleinunterhalter.com\\\/ch\\\/#website\",\"url\":\"https:\\\/\\\/www.party-alleinunterhalter.com\\\/ch\\\/\",\"name\":\"Sandro Hoffmann\",\"description\":\"Alleinunterhalter f\u00fcr deine Feier\",\"potentialAction\":[{\"@type\":\"SearchAction\",\"target\":{\"@type\":\"EntryPoint\",\"urlTemplate\":\"https:\\\/\\\/www.party-alleinunterhalter.com\\\/ch\\\/?s={search_term_string}\"},\"query-input\":{\"@type\":\"PropertyValueSpecification\",\"valueRequired\":true,\"valueName\":\"search_term_string\"}}],\"inLanguage\":\"de-AT\"}]}<\/script>\n<!-- \/ Yoast SEO plugin. -->","yoast_head_json":{"title":"Referenzen und Emfehlungen vom Alleinunterhalter aus \u00d6sterreich","description":"Referenzen, Empfehlungen f\u00fcr Alleinunterhalter SANDRO HOFFMANN aus Vorarlberg, \u00d6sterreich \u00fcber die Musik, Stimmung, Eindr\u00fccke der vergangener Feiern.","robots":{"index":"index","follow":"follow","max-snippet":"max-snippet:-1","max-image-preview":"max-image-preview:large","max-video-preview":"max-video-preview:-1"},"canonical":"https:\/\/www.party-alleinunterhalter.com\/at\/referenzen\/","og_locale":"de_DE","og_type":"article","og_title":"Referenzen und Emfehlungen vom Alleinunterhalter aus \u00d6sterreich","og_description":"Referenzen, Empfehlungen f\u00fcr Alleinunterhalter SANDRO HOFFMANN aus Vorarlberg, \u00d6sterreich \u00fcber die Musik, Stimmung, Eindr\u00fccke der vergangener Feiern.","og_url":"https:\/\/www.party-alleinunterhalter.com\/at\/referenzen\/","og_site_name":"Sandro Hoffmann","article_publisher":"https:\/\/www.facebook.com\/SandroHoffmannOfficial","article_modified_time":"2023-07-19T18:39:36+00:00","og_image":[{"width":360,"height":391,"url":"https:\/\/www.party-alleinunterhalter.com\/wp-content\/uploads\/2014\/09\/sandro-home.png","type":"image\/png"}],"twitter_card":"summary_large_image","twitter_misc":{"Est. reading time":"1 minute"},"schema":{"@context":"https:\/\/schema.org","@graph":[{"@type":"WebPage","@id":"https:\/\/www.party-alleinunterhalter.com\/at\/referenzen\/","url":"https:\/\/www.party-alleinunterhalter.com\/at\/referenzen\/","name":"Referenzen und Emfehlungen vom Alleinunterhalter aus \u00d6sterreich","isPartOf":{"@id":"https:\/\/www.party-alleinunterhalter.com\/ch\/#website"},"primaryImageOfPage":{"@id":"https:\/\/www.party-alleinunterhalter.com\/at\/referenzen\/#primaryimage"},"image":{"@id":"https:\/\/www.party-alleinunterhalter.com\/at\/referenzen\/#primaryimage"},"thumbnailUrl":"https:\/\/www.party-alleinunterhalter.com\/wp-content\/uploads\/2014\/09\/sandro-home.png","datePublished":"2014-04-23T10:43:32+00:00","dateModified":"2023-07-19T18:39:36+00:00","description":"Referenzen, Empfehlungen f\u00fcr Alleinunterhalter SANDRO HOFFMANN aus Vorarlberg, \u00d6sterreich \u00fcber die Musik, Stimmung, Eindr\u00fccke der vergangener Feiern.","breadcrumb":{"@id":"https:\/\/www.party-alleinunterhalter.com\/at\/referenzen\/#breadcrumb"},"inLanguage":"de-AT","potentialAction":[{"@type":"ReadAction","target":["https:\/\/www.party-alleinunterhalter.com\/at\/referenzen\/"]}]},{"@type":"ImageObject","inLanguage":"de-AT","@id":"https:\/\/www.party-alleinunterhalter.com\/at\/referenzen\/#primaryimage","url":"https:\/\/www.party-alleinunterhalter.com\/wp-content\/uploads\/2014\/09\/sandro-home.png","contentUrl":"https:\/\/www.party-alleinunterhalter.com\/wp-content\/uploads\/2014\/09\/sandro-home.png","width":360,"height":391,"caption":"Party Alleinunterhalter Sandro Hoffmann"},{"@type":"BreadcrumbList","@id":"https:\/\/www.party-alleinunterhalter.com\/at\/referenzen\/#breadcrumb","itemListElement":[{"@type":"ListItem","position":1,"name":"Startseite","item":"https:\/\/www.party-alleinunterhalter.com\/at\/"},{"@type":"ListItem","position":2,"name":"Referenzen und Empfehlungen vom Alleinunterhalter aus \u00d6sterreich"}]},{"@type":"WebSite","@id":"https:\/\/www.party-alleinunterhalter.com\/ch\/#website","url":"https:\/\/www.party-alleinunterhalter.com\/ch\/","name":"Sandro Hoffmann","description":"Alleinunterhalter f\u00fcr deine Feier","potentialAction":[{"@type":"SearchAction","target":{"@type":"EntryPoint","urlTemplate":"https:\/\/www.party-alleinunterhalter.com\/ch\/?s={search_term_string}"},"query-input":{"@type":"PropertyValueSpecification","valueRequired":true,"valueName":"search_term_string"}}],"inLanguage":"de-AT"}]}},"_links":{"self":[{"href":"https:\/\/www.party-alleinunterhalter.com\/at\/wp-json\/wp\/v2\/pages\/11265","targetHints":{"allow":["GET"]}}],"collection":[{"href":"https:\/\/www.party-alleinunterhalter.com\/at\/wp-json\/wp\/v2\/pages"}],"about":[{"href":"https:\/\/www.party-alleinunterhalter.com\/at\/wp-json\/wp\/v2\/types\/page"}],"author":[{"embeddable":true,"href":"https:\/\/www.party-alleinunterhalter.com\/at\/wp-json\/wp\/v2\/users\/1"}],"replies":[{"embeddable":true,"href":"https:\/\/www.party-alleinunterhalter.com\/at\/wp-json\/wp\/v2\/comments?post=11265"}],"version-history":[{"count":7,"href":"https:\/\/www.party-alleinunterhalter.com\/at\/wp-json\/wp\/v2\/pages\/11265\/revisions"}],"predecessor-version":[{"id":14273,"href":"https:\/\/www.party-alleinunterhalter.com\/at\/wp-json\/wp\/v2\/pages\/11265\/revisions\/14273"}],"wp:featuredmedia":[{"embeddable":true,"href":"https:\/\/www.party-alleinunterhalter.com\/at\/wp-json\/wp\/v2\/media\/9819"}],"wp:attachment":[{"href":"https:\/\/www.party-alleinunterhalter.com\/at\/wp-json\/wp\/v2\/media?parent=11265"}],"curies":[{"name":"wp","href":"https:\/\/api.w.org\/{rel}","templated":true}]}}