{"id":11250,"date":"2013-03-22T14:45:15","date_gmt":"2013-03-22T14:45:15","guid":{"rendered":"http:\/\/www.party-alleinunterhalter.com\/sitemap\/"},"modified":"2017-10-26T13:50:49","modified_gmt":"2017-10-26T11:50:49","slug":"sitemap","status":"publish","type":"page","link":"https:\/\/www.party-alleinunterhalter.com\/at\/sitemap\/","title":{"rendered":"Sitemap der Website Party Alleinunterhalter Schweiz Sandro Hoffmann"},"content":{"rendered":"<div class=\"row \"><div class=\"wpv-grid grid-1-1  wpv-first-level first unextended\" style=\"padding-top:0px;padding-bottom:0px\" id=\"wpv-column-fb20dbf81d12fc340706ba02fef62021\" ><div class=\"sitemap\">\t\t<h2 class=\"text-divider-double\">\t\t\tPages\t\t<\/h2>\t\t<div class=\"sep\"><\/div>\t<ul><li>\n\t\t\t\t\t\t<a href='https:\/\/www.party-alleinunterhalter.com\/at\/hochzeit\/' rel='bookmark' title='Permanent Link to Alleinunterhalter f\u00fcr die Hochzeit in \u00d6sterreich'>Alleinunterhalter f\u00fcr die Hochzeit in \u00d6sterreich<\/a><ul><\/ul><\/li><li>\n\t\t\t\t\t\t<a href='https:\/\/www.party-alleinunterhalter.com\/at\/fasnacht-maskenball\/' rel='bookmark' title='Permanent Link to Alleinunterhalter f\u00fcr Fasching und Maskenball in \u00d6sterreich'>Alleinunterhalter f\u00fcr Fasching und Maskenball in \u00d6sterreich<\/a><ul><\/ul><\/li><li>\n\t\t\t\t\t\t<a href='https:\/\/www.party-alleinunterhalter.com\/at\/vereinsfeier\/' rel='bookmark' title='Permanent Link to Alleinunterhalter f\u00fcr Festzelt und Vereinsfeier'>Alleinunterhalter f\u00fcr Festzelt und Vereinsfeier<\/a><ul><\/ul><\/li><li>\n\t\t\t\t\t\t<a href='https:\/\/www.party-alleinunterhalter.com\/at\/firmenfeier-weihnachtsfeier\/' rel='bookmark' title='Permanent Link to Alleinunterhalter f\u00fcr Firmenfeier in \u00d6sterreich'>Alleinunterhalter f\u00fcr Firmenfeier in \u00d6sterreich<\/a><ul><\/ul><\/li><li>\n\t\t\t\t\t\t<a href='https:\/\/www.party-alleinunterhalter.com\/at\/geburtstagsfeier\/' rel='bookmark' title='Permanent Link to Alleinunterhalter f\u00fcr Geburtstagsfeier in \u00d6sterreich'>Alleinunterhalter f\u00fcr Geburtstagsfeier in \u00d6sterreich<\/a><ul><\/ul><\/li><li>\n\t\t\t\t\t\t<a href='https:\/\/www.party-alleinunterhalter.com\/at\/oktoberfest-apres-ski\/' rel='bookmark' title='Permanent Link to Alleinunterhalter f\u00fcr Oktoberfest und Apr\u00e8s Ski in \u00d6sterreich'>Alleinunterhalter f\u00fcr Oktoberfest und Apr\u00e8s Ski in \u00d6sterreich<\/a><ul><\/ul><\/li><li>\n\t\t\t\t\t\t<a href='https:\/\/www.party-alleinunterhalter.com\/at\/hotel-bar-tanzlokal-kreuzfahrt\/' rel='bookmark' title='Permanent Link to Alleinunterhalter f\u00fcr Tanzlokal, Hotel, Bar in \u00d6sterreich'>Alleinunterhalter f\u00fcr Tanzlokal, Hotel, Bar in \u00d6sterreich<\/a><ul><\/ul><\/li><li>\n\t\t\t\t\t\t<a href='https:\/\/www.party-alleinunterhalter.com\/at\/veranstaltungen-events\/' rel='bookmark' title='Permanent Link to Alleinunterhalter f\u00fcr Veranstaltungen und Events in \u00d6sterreich'>Alleinunterhalter f\u00fcr Veranstaltungen und Events in \u00d6sterreich<\/a><ul><\/ul><\/li><li>\n\t\t\t\t\t\t<a href='https:\/\/www.party-alleinunterhalter.com\/at\/datenschutzerklaerung\/' rel='bookmark' title='Permanent Link to Datenschutzerkl\u00e4rung'>Datenschutzerkl\u00e4rung<\/a><ul><\/ul><\/li><li>\n\t\t\t\t\t\t<a href='https:\/\/www.party-alleinunterhalter.com\/at\/hoerproben-videos\/' rel='bookmark' title='Permanent Link to H\u00f6rproben und Videos von Alleinunterhalter'>H\u00f6rproben und Videos von Alleinunterhalter<\/a><ul><\/ul><\/li><li>\n\t\t\t\t\t\t<a href='https:\/\/www.party-alleinunterhalter.com\/at\/impressum\/' rel='bookmark' title='Permanent Link to Impressum'>Impressum<\/a><ul><\/ul><\/li><li>\n\t\t\t\t\t\t<a href='https:\/\/www.party-alleinunterhalter.com\/at\/kontakt-at\/' rel='bookmark' title='Permanent Link to Kontakt, Management und Buchungsablauf in \u00d6sterreich'>Kontakt, Management und Buchungsablauf in \u00d6sterreich<\/a><ul><\/ul><\/li><li>\n\t\t\t\t\t\t<a href='https:\/\/www.party-alleinunterhalter.com\/at\/' rel='bookmark' title='Permanent Link to Party Alleinunterhalter \u00d6sterreich'>Party Alleinunterhalter \u00d6sterreich<\/a><ul><\/ul><\/li><li>\n\t\t\t\t\t\t<a href='https:\/\/www.party-alleinunterhalter.com\/at\/referenzen\/' rel='bookmark' title='Permanent Link to Referenzen und Empfehlungen vom Alleinunterhalter aus \u00d6sterreich'>Referenzen und Empfehlungen vom Alleinunterhalter aus \u00d6sterreich<\/a><ul><\/ul><\/li><li>\n\t\t\t\t\t\t<a href='https:\/\/www.party-alleinunterhalter.com\/at\/shop\/' rel='bookmark' title='Permanent Link to Shop'>Shop<\/a><ul><\/ul><\/li><li>\n\t\t\t\t\t\t<a href='https:\/\/www.party-alleinunterhalter.com\/at\/sitemap\/' rel='bookmark' title='Permanent Link to Sitemap der Website Party Alleinunterhalter Schweiz Sandro Hoffmann'>Sitemap der Website Party Alleinunterhalter Schweiz Sandro Hoffmann<\/a><ul><\/ul><\/li><\/ul>\t\t<h2 class=\"text-divider-double\">\t\t\tCategories\t\t<\/h2>\t\t<div class=\"sep\"><\/div>\t<ul>\t<li class=\"cat-item cat-item-46\"><a href=\"https:\/\/www.party-alleinunterhalter.com\/at\/category\/alleinunterhalter-at\/\">Alleinunterhalter<\/a>\n<\/li>\n\t<li class=\"cat-item cat-item-41\"><a href=\"https:\/\/www.party-alleinunterhalter.com\/at\/category\/unkategorisiert-at\/\">Unkategorisiert<\/a>\n<\/li>\n\t<li class=\"cat-item cat-item-43\"><a href=\"https:\/\/www.party-alleinunterhalter.com\/at\/category\/veranstaltungen-at\/\">Veranstaltungen<\/a>\n<\/li>\n<\/ul>\t\t<h2 class=\"text-divider-double\">\t\t\tPosts\t\t<\/h2>\t\t<div class=\"sep\"><\/div>\t<ul><li>\n\t\t\t\t\t\t<a href='https:\/\/www.party-alleinunterhalter.com\/at\/eine-huette-in-den-bergen\/' rel='bookmark' title='Permanent Link to ab sofort vorbestellbar! \u2013 Eine H\u00fctte in den Bergen'>ab sofort vorbestellbar! \u2013 Eine H\u00fctte in den Bergen<\/a> (0)<\/li><li>\n\t\t\t\t\t\t<a href='https:\/\/www.party-alleinunterhalter.com\/at\/alleinunterhalter-sandro-hoffmann-die-rote-sonne-von-barbados\/' rel='bookmark' title='Permanent Link to Alleinunterhalter Sandro Hoffmann pr\u00e4sentiert &#8220;Die rote Sonne von Barbados&#8221;'>Alleinunterhalter Sandro Hoffmann pr\u00e4sentiert &#8220;Die rote Sonne von Barbados&#8221;<\/a> (0)<\/li><li>\n\t\t\t\t\t\t<a href='https:\/\/www.party-alleinunterhalter.com\/at\/alleinunterhalter-dj\/' rel='bookmark' title='Permanent Link to Alleinunterhalter und DJ f\u00fcr ihre Feier'>Alleinunterhalter und DJ f\u00fcr ihre Feier<\/a> (0)<\/li><li>\n\t\t\t\t\t\t<a href='https:\/\/www.party-alleinunterhalter.com\/at\/lautstaerke\/' rel='bookmark' title='Permanent Link to Die gro\u00dfe Kunst &#8220;LAUTST\u00c4RKE&#8221;'>Die gro\u00dfe Kunst &#8220;LAUTST\u00c4RKE&#8221;<\/a> (0)<\/li><li>\n\t\t\t\t\t\t<a href='https:\/\/www.party-alleinunterhalter.com\/at\/gelungene-feier-mit-alleinunterhalter-sandro-hoffmann\/' rel='bookmark' title='Permanent Link to Eine gelungene Feier mit Alleinunterhalter Sandro Hoffmann'>Eine gelungene Feier mit Alleinunterhalter Sandro Hoffmann<\/a> (0)<\/li><li>\n\t\t\t\t\t\t<a href='https:\/\/www.party-alleinunterhalter.com\/at\/hochzeit-zuerichsee-schweiz\/' rel='bookmark' title='Permanent Link to Eine Hochzeit am Z\u00fcrichsee in der Schweiz'>Eine Hochzeit am Z\u00fcrichsee in der Schweiz<\/a> (0)<\/li><li>\n\t\t\t\t\t\t<a href='https:\/\/www.party-alleinunterhalter.com\/at\/herbstfest-freienstein-teufen\/' rel='bookmark' title='Permanent Link to Herbstfest 2017 in Freienstein-Teufen'>Herbstfest 2017 in Freienstein-Teufen<\/a> (0)<\/li><li>\n\t\t\t\t\t\t<a href='https:\/\/www.party-alleinunterhalter.com\/at\/highlights-oktoberfest-in-fribourg-freiburg-schweiz\/' rel='bookmark' title='Permanent Link to Highlights Oktoberfest in Fribourg (Freiburg) Schweiz.'>Highlights Oktoberfest in Fribourg (Freiburg) Schweiz.<\/a> (0)<\/li><li>\n\t\t\t\t\t\t<a href='https:\/\/www.party-alleinunterhalter.com\/at\/live-video\/' rel='bookmark' title='Permanent Link to LIVE Videos von Party Alleinunterhalter'>LIVE Videos von Party Alleinunterhalter<\/a> (0)<\/li><li>\n\t\t\t\t\t\t<a href='https:\/\/www.party-alleinunterhalter.com\/at\/musiker-buchen-musiker-gesucht-oesterreich\/' rel='bookmark' title='Permanent Link to Musiker buchen, musiker gesucht,&#8230;so beginnt die suche bei Google &#038; Co.'>Musiker buchen, musiker gesucht,&#8230;so beginnt die suche bei Google &#038; Co.<\/a> (0)<\/li><li>\n\t\t\t\t\t\t<a href='https:\/\/www.party-alleinunterhalter.com\/at\/ein-prosecco-zu-viel\/' rel='bookmark' title='Permanent Link to Neue Single ab 25.Oktober 2019! &#8211; Ein Prosecco zu viel'>Neue Single ab 25.Oktober 2019! &#8211; Ein Prosecco zu viel<\/a> (0)<\/li><li>\n\t\t\t\t\t\t<a href='https:\/\/www.party-alleinunterhalter.com\/at\/oktoberfest-populaer-wie-noch-nie\/' rel='bookmark' title='Permanent Link to Oktoberfest, so popul\u00e4r wie noch nie!'>Oktoberfest, so popul\u00e4r wie noch nie!<\/a> (0)<\/li><li>\n\t\t\t\t\t\t<a href='https:\/\/www.party-alleinunterhalter.com\/at\/tipps-und-musik-fuer-den-hochzeitstanz\/' rel='bookmark' title='Permanent Link to Tipps und Musik f\u00fcr den Hochzeitstanz'>Tipps und Musik f\u00fcr den Hochzeitstanz<\/a> (0)<\/li><li>\n\t\t\t\t\t\t<a href='https:\/\/www.party-alleinunterhalter.com\/at\/tipps-weihnachtsfeier\/' rel='bookmark' title='Permanent Link to TIPPS! F\u00fcr die j\u00e4hrliche Weihnachtsfeier'>TIPPS! F\u00fcr die j\u00e4hrliche Weihnachtsfeier<\/a> (0)<\/li><li>\n\t\t\t\t\t\t<a href='https:\/\/www.party-alleinunterhalter.com\/at\/tipps-unterhaltung-und-entertainment-fuer-oktoberfest-2\/' rel='bookmark' title='Permanent Link to Unterhaltung, Musiker und Entertainment f\u00fcr Oktoberfest!'>Unterhaltung, Musiker und Entertainment f\u00fcr Oktoberfest!<\/a> (0)<\/li><li>\n\t\t\t\t\t\t<a href='https:\/\/www.party-alleinunterhalter.com\/at\/wer-ist-ein-alleinunterhalter\/' rel='bookmark' title='Permanent Link to Wer ist ein Alleinunterhalter?'>Wer ist ein Alleinunterhalter?<\/a> (0)<\/li><li>\n\t\t\t\t\t\t<a href='https:\/\/www.party-alleinunterhalter.com\/at\/alleinunterhalter-geburtstag\/' rel='bookmark' title='Permanent Link to Zu einem runden Geburtstag geh\u00f6rt auch eine tolle Geburtstagsfeier dazu!'>Zu einem runden Geburtstag geh\u00f6rt auch eine tolle Geburtstagsfeier dazu!<\/a> (0)<\/li><\/ul><\/div><\/div><\/div>\n","protected":false},"excerpt":{"rendered":"<p>Ein Geburtstag ist immer was besonderes und eine Feier wert. Falls es sich um ein rundes Jubil\u00e4um handelt, ist das noch ein Grund mehr zu feiern. Die freudige Feierlichkeit ist perfekt den gesamten Familien- und Freundeskreis wieder mal einzuladen und gemeinsam eine feine Geburtstagsfeier mit lustiger Unterhaltung und spitze Livemusik zu feiern. Wie Sie das&#8230;<\/p>\n","protected":false},"author":1,"featured_media":0,"parent":0,"menu_order":11,"comment_status":"closed","ping_status":"closed","template":"","meta":{"footnotes":""},"class_list":["post-11250","page","type-page","status-publish","placeholder-for-hentry"],"yoast_head":"<!-- This site is optimized with the Yoast SEO plugin v27.5 - https:\/\/yoast.com\/product\/yoast-seo-wordpress\/ -->\n<title>Sitemap von Party Alleinunterhalter Schweiz Sandro Hoffmann<\/title>\n<meta name=\"description\" content=\"Die Sitemap der Website von Party Alleinunterhalter Schweiz dem Partymusiker f\u00fcr Hochzeit, Geburtstagfeier, Firmenfeier, Oktoberfest und andere Anl\u00e4sse.\" \/>\n<meta name=\"robots\" content=\"noindex, nofollow\" \/>\n<meta property=\"og:locale\" content=\"de_DE\" \/>\n<meta property=\"og:type\" content=\"article\" \/>\n<meta property=\"og:title\" content=\"Sitemap von Party Alleinunterhalter Schweiz Sandro Hoffmann\" \/>\n<meta property=\"og:description\" content=\"Die Sitemap der Website von Party Alleinunterhalter Schweiz dem Partymusiker f\u00fcr Hochzeit, Geburtstagfeier, Firmenfeier, Oktoberfest und andere Anl\u00e4sse.\" \/>\n<meta property=\"og:url\" content=\"https:\/\/www.party-alleinunterhalter.com\/at\/sitemap\/\" \/>\n<meta property=\"og:site_name\" content=\"Sandro Hoffmann\" \/>\n<meta property=\"article:publisher\" content=\"https:\/\/www.facebook.com\/SandroHoffmannOfficial\" \/>\n<meta property=\"article:modified_time\" content=\"2017-10-26T11:50:49+00:00\" \/>\n<meta name=\"twitter:card\" content=\"summary_large_image\" \/>\n<script type=\"application\/ld+json\" class=\"yoast-schema-graph\">{\"@context\":\"https:\\\/\\\/schema.org\",\"@graph\":[{\"@type\":\"WebPage\",\"@id\":\"https:\\\/\\\/www.party-alleinunterhalter.com\\\/at\\\/sitemap\\\/\",\"url\":\"https:\\\/\\\/www.party-alleinunterhalter.com\\\/at\\\/sitemap\\\/\",\"name\":\"Sitemap von Party Alleinunterhalter Schweiz Sandro Hoffmann\",\"isPartOf\":{\"@id\":\"https:\\\/\\\/www.party-alleinunterhalter.com\\\/ch\\\/#website\"},\"datePublished\":\"2013-03-22T14:45:15+00:00\",\"dateModified\":\"2017-10-26T11:50:49+00:00\",\"description\":\"Die Sitemap der Website von Party Alleinunterhalter Schweiz dem Partymusiker f\u00fcr Hochzeit, Geburtstagfeier, Firmenfeier, Oktoberfest und andere Anl\u00e4sse.\",\"breadcrumb\":{\"@id\":\"https:\\\/\\\/www.party-alleinunterhalter.com\\\/at\\\/sitemap\\\/#breadcrumb\"},\"inLanguage\":\"de-AT\",\"potentialAction\":[{\"@type\":\"ReadAction\",\"target\":[\"https:\\\/\\\/www.party-alleinunterhalter.com\\\/at\\\/sitemap\\\/\"]}]},{\"@type\":\"BreadcrumbList\",\"@id\":\"https:\\\/\\\/www.party-alleinunterhalter.com\\\/at\\\/sitemap\\\/#breadcrumb\",\"itemListElement\":[{\"@type\":\"ListItem\",\"position\":1,\"name\":\"Startseite\",\"item\":\"https:\\\/\\\/www.party-alleinunterhalter.com\\\/at\\\/\"},{\"@type\":\"ListItem\",\"position\":2,\"name\":\"Sitemap der Website Party Alleinunterhalter Schweiz Sandro Hoffmann\"}]},{\"@type\":\"WebSite\",\"@id\":\"https:\\\/\\\/www.party-alleinunterhalter.com\\\/ch\\\/#website\",\"url\":\"https:\\\/\\\/www.party-alleinunterhalter.com\\\/ch\\\/\",\"name\":\"Sandro Hoffmann\",\"description\":\"Alleinunterhalter f\u00fcr deine Feier\",\"potentialAction\":[{\"@type\":\"SearchAction\",\"target\":{\"@type\":\"EntryPoint\",\"urlTemplate\":\"https:\\\/\\\/www.party-alleinunterhalter.com\\\/ch\\\/?s={search_term_string}\"},\"query-input\":{\"@type\":\"PropertyValueSpecification\",\"valueRequired\":true,\"valueName\":\"search_term_string\"}}],\"inLanguage\":\"de-AT\"}]}<\/script>\n<!-- \/ Yoast SEO plugin. -->","yoast_head_json":{"title":"Sitemap von Party Alleinunterhalter Schweiz Sandro Hoffmann","description":"Die Sitemap der Website von Party Alleinunterhalter Schweiz dem Partymusiker f\u00fcr Hochzeit, Geburtstagfeier, Firmenfeier, Oktoberfest und andere Anl\u00e4sse.","robots":{"index":"noindex","follow":"nofollow"},"og_locale":"de_DE","og_type":"article","og_title":"Sitemap von Party Alleinunterhalter Schweiz Sandro Hoffmann","og_description":"Die Sitemap der Website von Party Alleinunterhalter Schweiz dem Partymusiker f\u00fcr Hochzeit, Geburtstagfeier, Firmenfeier, Oktoberfest und andere Anl\u00e4sse.","og_url":"https:\/\/www.party-alleinunterhalter.com\/at\/sitemap\/","og_site_name":"Sandro Hoffmann","article_publisher":"https:\/\/www.facebook.com\/SandroHoffmannOfficial","article_modified_time":"2017-10-26T11:50:49+00:00","twitter_card":"summary_large_image","schema":{"@context":"https:\/\/schema.org","@graph":[{"@type":"WebPage","@id":"https:\/\/www.party-alleinunterhalter.com\/at\/sitemap\/","url":"https:\/\/www.party-alleinunterhalter.com\/at\/sitemap\/","name":"Sitemap von Party Alleinunterhalter Schweiz Sandro Hoffmann","isPartOf":{"@id":"https:\/\/www.party-alleinunterhalter.com\/ch\/#website"},"datePublished":"2013-03-22T14:45:15+00:00","dateModified":"2017-10-26T11:50:49+00:00","description":"Die Sitemap der Website von Party Alleinunterhalter Schweiz dem Partymusiker f\u00fcr Hochzeit, Geburtstagfeier, Firmenfeier, Oktoberfest und andere Anl\u00e4sse.","breadcrumb":{"@id":"https:\/\/www.party-alleinunterhalter.com\/at\/sitemap\/#breadcrumb"},"inLanguage":"de-AT","potentialAction":[{"@type":"ReadAction","target":["https:\/\/www.party-alleinunterhalter.com\/at\/sitemap\/"]}]},{"@type":"BreadcrumbList","@id":"https:\/\/www.party-alleinunterhalter.com\/at\/sitemap\/#breadcrumb","itemListElement":[{"@type":"ListItem","position":1,"name":"Startseite","item":"https:\/\/www.party-alleinunterhalter.com\/at\/"},{"@type":"ListItem","position":2,"name":"Sitemap der Website Party Alleinunterhalter Schweiz Sandro Hoffmann"}]},{"@type":"WebSite","@id":"https:\/\/www.party-alleinunterhalter.com\/ch\/#website","url":"https:\/\/www.party-alleinunterhalter.com\/ch\/","name":"Sandro Hoffmann","description":"Alleinunterhalter f\u00fcr deine Feier","potentialAction":[{"@type":"SearchAction","target":{"@type":"EntryPoint","urlTemplate":"https:\/\/www.party-alleinunterhalter.com\/ch\/?s={search_term_string}"},"query-input":{"@type":"PropertyValueSpecification","valueRequired":true,"valueName":"search_term_string"}}],"inLanguage":"de-AT"}]}},"_links":{"self":[{"href":"https:\/\/www.party-alleinunterhalter.com\/at\/wp-json\/wp\/v2\/pages\/11250","targetHints":{"allow":["GET"]}}],"collection":[{"href":"https:\/\/www.party-alleinunterhalter.com\/at\/wp-json\/wp\/v2\/pages"}],"about":[{"href":"https:\/\/www.party-alleinunterhalter.com\/at\/wp-json\/wp\/v2\/types\/page"}],"author":[{"embeddable":true,"href":"https:\/\/www.party-alleinunterhalter.com\/at\/wp-json\/wp\/v2\/users\/1"}],"replies":[{"embeddable":true,"href":"https:\/\/www.party-alleinunterhalter.com\/at\/wp-json\/wp\/v2\/comments?post=11250"}],"version-history":[{"count":1,"href":"https:\/\/www.party-alleinunterhalter.com\/at\/wp-json\/wp\/v2\/pages\/11250\/revisions"}],"predecessor-version":[{"id":11253,"href":"https:\/\/www.party-alleinunterhalter.com\/at\/wp-json\/wp\/v2\/pages\/11250\/revisions\/11253"}],"wp:attachment":[{"href":"https:\/\/www.party-alleinunterhalter.com\/at\/wp-json\/wp\/v2\/media?parent=11250"}],"curies":[{"name":"wp","href":"https:\/\/api.w.org\/{rel}","templated":true}]}}